{"id":147,"date":"2022-06-08T20:11:59","date_gmt":"2022-06-08T18:11:59","guid":{"rendered":"https:\/\/test.duo.or.at\/?page_id=147"},"modified":"2023-11-02T21:25:29","modified_gmt":"2023-11-02T20:25:29","slug":"spenden","status":"publish","type":"page","link":"https:\/\/test.duo.or.at\/?page_id=147","title":{"rendered":"Spenden"},"content":{"rendered":"\n<h1 class=\"wp-block-heading has-text-align-center\"><strong>Unterst\u00fctzen Sie uns!<\/strong><\/h1>\n\n\n\n<h2 class=\"wp-block-heading has-text-align-center\">Unterst\u00fctze die Arbeit der DUO mit einer Spende und hilf uns, \u00d6sterreich voranzubringen.<br><br>Wie viel m\u00f6chtest Du spenden?<\/h2>\n\n\n\n<p><\/p>\n\n\n\n<h3 class=\"wp-block-heading has-text-align-center\"><strong>Bankverbindung:<\/strong><\/h3>\n\n\n\n<p class=\"has-text-align-center\"><strong>Bank<\/strong>: DKB (deutsche Kreditbank)<\/p>\n\n\n\n<p class=\"has-text-align-center\"><strong>IBAN<\/strong>: DE79120300001073135319<\/p>\n\n\n\n<p class=\"has-text-align-center\"><strong>Swift<\/strong>: BYLADEM1001<\/p>\n","protected":false},"excerpt":{"rendered":"<p>Unterst\u00fctzen Sie uns! Unterst\u00fctze die Arbeit der DUO mit einer Spende und hilf uns, \u00d6sterreich voranzubringen. Wie viel m\u00f6chtest Du spenden? Bankverbindung: Bank: DKB (deutsche Kreditbank) IBAN: DE79120300001073135319 Swift: BYLADEM1001<\/p>\n","protected":false},"author":1,"featured_media":0,"parent":0,"menu_order":0,"comment_status":"closed","ping_status":"closed","template":"","meta":{"ngg_post_thumbnail":0,"footnotes":""},"class_list":["post-147","page","type-page","status-publish"],"yoast_head":"<!-- This site is optimized with the Yoast SEO plugin v25.6 - https:\/\/yoast.com\/wordpress\/plugins\/seo\/ -->\n<title>Spenden - DUO \u2013 SIE HABEN EINE ALTERNATIVE!<\/title>\n<meta name=\"robots\" content=\"index, follow, max-snippet:-1, max-image-preview:large, max-video-preview:-1\" \/>\n<link rel=\"canonical\" href=\"https:\/\/test.duo.or.at\/?page_id=147\" \/>\n<meta property=\"og:locale\" content=\"de_DE\" \/>\n<meta property=\"og:type\" content=\"article\" \/>\n<meta property=\"og:title\" content=\"Spenden - DUO \u2013 SIE HABEN EINE ALTERNATIVE!\" \/>\n<meta property=\"og:description\" content=\"Unterst\u00fctzen Sie uns! Unterst\u00fctze die Arbeit der DUO mit einer Spende und hilf uns, \u00d6sterreich voranzubringen. Wie viel m\u00f6chtest Du spenden? Bankverbindung: Bank: DKB (deutsche Kreditbank) IBAN: DE79120300001073135319 Swift: BYLADEM1001\" \/>\n<meta property=\"og:url\" content=\"https:\/\/test.duo.or.at\/?page_id=147\" \/>\n<meta property=\"og:site_name\" content=\"DUO \u2013 SIE HABEN EINE ALTERNATIVE!\" \/>\n<meta property=\"article:publisher\" content=\"https:\/\/www.facebook.com\/Die-Unabhngigen-sterreichs-DUO-104764388952262\" \/>\n<meta property=\"article:modified_time\" content=\"2023-11-02T20:25:29+00:00\" \/>\n<meta name=\"twitter:card\" content=\"summary_large_image\" \/>\n<meta name=\"twitter:label1\" content=\"Gesch\u00e4tzte Lesezeit\" \/>\n\t<meta name=\"twitter:data1\" content=\"1\u00a0Minute\" \/>\n<script type=\"application\/ld+json\" class=\"yoast-schema-graph\">{\"@context\":\"https:\/\/schema.org\",\"@graph\":[{\"@type\":\"WebPage\",\"@id\":\"https:\/\/test.duo.or.at\/?page_id=147\",\"url\":\"https:\/\/test.duo.or.at\/?page_id=147\",\"name\":\"Spenden - DUO \u2013 SIE HABEN EINE ALTERNATIVE!\",\"isPartOf\":{\"@id\":\"https:\/\/test.duo.or.at\/#website\"},\"datePublished\":\"2022-06-08T18:11:59+00:00\",\"dateModified\":\"2023-11-02T20:25:29+00:00\",\"breadcrumb\":{\"@id\":\"https:\/\/test.duo.or.at\/?page_id=147#breadcrumb\"},\"inLanguage\":\"de\",\"potentialAction\":[{\"@type\":\"ReadAction\",\"target\":[\"https:\/\/test.duo.or.at\/?page_id=147\"]}]},{\"@type\":\"BreadcrumbList\",\"@id\":\"https:\/\/test.duo.or.at\/?page_id=147#breadcrumb\",\"itemListElement\":[{\"@type\":\"ListItem\",\"position\":1,\"name\":\"Home\",\"item\":\"https:\/\/test.duo.or.at\/\"},{\"@type\":\"ListItem\",\"position\":2,\"name\":\"Spenden\"}]},{\"@type\":\"WebSite\",\"@id\":\"https:\/\/test.duo.or.at\/#website\",\"url\":\"https:\/\/test.duo.or.at\/\",\"name\":\"DUO \u2013 SIE HABEN EINE ALTERNATIVE!\",\"description\":\"\",\"publisher\":{\"@id\":\"https:\/\/test.duo.or.at\/#organization\"},\"potentialAction\":[{\"@type\":\"SearchAction\",\"target\":{\"@type\":\"EntryPoint\",\"urlTemplate\":\"https:\/\/test.duo.or.at\/?s={search_term_string}\"},\"query-input\":{\"@type\":\"PropertyValueSpecification\",\"valueRequired\":true,\"valueName\":\"search_term_string\"}}],\"inLanguage\":\"de\"},{\"@type\":\"Organization\",\"@id\":\"https:\/\/test.duo.or.at\/#organization\",\"name\":\"Die Unabh\u00e4ngigen \u00d6sterreichs; \u201eDUO\u201c\",\"url\":\"https:\/\/test.duo.or.at\/\",\"logo\":{\"@type\":\"ImageObject\",\"inLanguage\":\"de\",\"@id\":\"https:\/\/test.duo.or.at\/#\/schema\/logo\/image\/\",\"url\":\"https:\/\/test.duo.or.at\/wp-content\/uploads\/2022\/06\/duo-logo.jpg\",\"contentUrl\":\"https:\/\/test.duo.or.at\/wp-content\/uploads\/2022\/06\/duo-logo.jpg\",\"width\":1080,\"height\":494,\"caption\":\"Die Unabh\u00e4ngigen \u00d6sterreichs; \u201eDUO\u201c\"},\"image\":{\"@id\":\"https:\/\/test.duo.or.at\/#\/schema\/logo\/image\/\"},\"sameAs\":[\"https:\/\/www.facebook.com\/Die-Unabhngigen-sterreichs-DUO-104764388952262\"]}]}<\/script>\n<!-- \/ Yoast SEO plugin. -->","yoast_head_json":{"title":"Spenden - DUO \u2013 SIE HABEN EINE ALTERNATIVE!","robots":{"index":"index","follow":"follow","max-snippet":"max-snippet:-1","max-image-preview":"max-image-preview:large","max-video-preview":"max-video-preview:-1"},"canonical":"https:\/\/test.duo.or.at\/?page_id=147","og_locale":"de_DE","og_type":"article","og_title":"Spenden - DUO \u2013 SIE HABEN EINE ALTERNATIVE!","og_description":"Unterst\u00fctzen Sie uns! Unterst\u00fctze die Arbeit der DUO mit einer Spende und hilf uns, \u00d6sterreich voranzubringen. Wie viel m\u00f6chtest Du spenden? Bankverbindung: Bank: DKB (deutsche Kreditbank) IBAN: DE79120300001073135319 Swift: BYLADEM1001","og_url":"https:\/\/test.duo.or.at\/?page_id=147","og_site_name":"DUO \u2013 SIE HABEN EINE ALTERNATIVE!","article_publisher":"https:\/\/www.facebook.com\/Die-Unabhngigen-sterreichs-DUO-104764388952262","article_modified_time":"2023-11-02T20:25:29+00:00","twitter_card":"summary_large_image","twitter_misc":{"Gesch\u00e4tzte Lesezeit":"1\u00a0Minute"},"schema":{"@context":"https:\/\/schema.org","@graph":[{"@type":"WebPage","@id":"https:\/\/test.duo.or.at\/?page_id=147","url":"https:\/\/test.duo.or.at\/?page_id=147","name":"Spenden - DUO \u2013 SIE HABEN EINE ALTERNATIVE!","isPartOf":{"@id":"https:\/\/test.duo.or.at\/#website"},"datePublished":"2022-06-08T18:11:59+00:00","dateModified":"2023-11-02T20:25:29+00:00","breadcrumb":{"@id":"https:\/\/test.duo.or.at\/?page_id=147#breadcrumb"},"inLanguage":"de","potentialAction":[{"@type":"ReadAction","target":["https:\/\/test.duo.or.at\/?page_id=147"]}]},{"@type":"BreadcrumbList","@id":"https:\/\/test.duo.or.at\/?page_id=147#breadcrumb","itemListElement":[{"@type":"ListItem","position":1,"name":"Home","item":"https:\/\/test.duo.or.at\/"},{"@type":"ListItem","position":2,"name":"Spenden"}]},{"@type":"WebSite","@id":"https:\/\/test.duo.or.at\/#website","url":"https:\/\/test.duo.or.at\/","name":"DUO \u2013 SIE HABEN EINE ALTERNATIVE!","description":"","publisher":{"@id":"https:\/\/test.duo.or.at\/#organization"},"potentialAction":[{"@type":"SearchAction","target":{"@type":"EntryPoint","urlTemplate":"https:\/\/test.duo.or.at\/?s={search_term_string}"},"query-input":{"@type":"PropertyValueSpecification","valueRequired":true,"valueName":"search_term_string"}}],"inLanguage":"de"},{"@type":"Organization","@id":"https:\/\/test.duo.or.at\/#organization","name":"Die Unabh\u00e4ngigen \u00d6sterreichs; \u201eDUO\u201c","url":"https:\/\/test.duo.or.at\/","logo":{"@type":"ImageObject","inLanguage":"de","@id":"https:\/\/test.duo.or.at\/#\/schema\/logo\/image\/","url":"https:\/\/test.duo.or.at\/wp-content\/uploads\/2022\/06\/duo-logo.jpg","contentUrl":"https:\/\/test.duo.or.at\/wp-content\/uploads\/2022\/06\/duo-logo.jpg","width":1080,"height":494,"caption":"Die Unabh\u00e4ngigen \u00d6sterreichs; \u201eDUO\u201c"},"image":{"@id":"https:\/\/test.duo.or.at\/#\/schema\/logo\/image\/"},"sameAs":["https:\/\/www.facebook.com\/Die-Unabhngigen-sterreichs-DUO-104764388952262"]}]}},"_links":{"self":[{"href":"https:\/\/test.duo.or.at\/index.php?rest_route=\/wp\/v2\/pages\/147"}],"collection":[{"href":"https:\/\/test.duo.or.at\/index.php?rest_route=\/wp\/v2\/pages"}],"about":[{"href":"https:\/\/test.duo.or.at\/index.php?rest_route=\/wp\/v2\/types\/page"}],"author":[{"embeddable":true,"href":"https:\/\/test.duo.or.at\/index.php?rest_route=\/wp\/v2\/users\/1"}],"replies":[{"embeddable":true,"href":"https:\/\/test.duo.or.at\/index.php?rest_route=%2Fwp%2Fv2%2Fcomments&post=147"}],"version-history":[{"count":18,"href":"https:\/\/test.duo.or.at\/index.php?rest_route=\/wp\/v2\/pages\/147\/revisions"}],"predecessor-version":[{"id":908,"href":"https:\/\/test.duo.or.at\/index.php?rest_route=\/wp\/v2\/pages\/147\/revisions\/908"}],"wp:attachment":[{"href":"https:\/\/test.duo.or.at\/index.php?rest_route=%2Fwp%2Fv2%2Fmedia&parent=147"}],"curies":[{"name":"wp","href":"https:\/\/api.w.org\/{rel}","templated":true}]}}